{"id":483,"date":"2022-12-23T14:02:20","date_gmt":"2022-12-23T14:02:20","guid":{"rendered":"https:\/\/csuremar.com\/faqs\/"},"modified":"2023-01-10T12:36:26","modified_gmt":"2023-01-10T12:36:26","slug":"faqs","status":"publish","type":"page","link":"https:\/\/csuremar.com\/de\/faqs\/","title":{"rendered":"FAQS"},"content":{"rendered":"[vc_row type=&#8220;full_width_content&#8220; full_screen_row_position=&#8220;middle&#8220; column_margin=&#8220;custom&#8220; column_margin_custom=&#8220;7vw&#8220; equal_height=&#8220;yes&#8220; content_placement=&#8220;middle&#8220; column_direction=&#8220;default&#8220; column_direction_tablet=&#8220;default&#8220; column_direction_phone=&#8220;default&#8220; bg_color=&#8220;#f8f8f8&#8243; scene_position=&#8220;center&#8220; top_padding=&#8220;4%&#8220; bottom_padding=&#8220;4%&#8220; left_padding_desktop=&#8220;7vw&#8220; constrain_group_2=&#8220;yes&#8220; right_padding_desktop=&#8220;7vw&#8220; text_color=&#8220;dark&#8220; text_align=&#8220;left&#8220; row_border_radius=&#8220;none&#8220; row_border_radius_applies=&#8220;bg&#8220; overflow=&#8220;visible&#8220; advanced_gradient_angle=&#8220;0&#8243; overlay_strength=&#8220;0.8&#8243; gradient_direction=&#8220;left_to_right&#8220; shape_divider_color=&#8220;#000000&#8243; shape_divider_position=&#8220;bottom&#8220; shape_divider_height=&#8220;99%&#8220; bg_image_animation=&#8220;none&#8220; shape_type=&#8220;straight_section&#8220; gradient_type=&#8220;default&#8220;][vc_column left_padding_desktop=&#8220;2vw&#8220; column_element_direction_desktop=&#8220;default&#8220; column_element_spacing=&#8220;default&#8220; desktop_text_alignment=&#8220;default&#8220; tablet_text_alignment=&#8220;default&#8220; phone_text_alignment=&#8220;default&#8220; background_color_opacity=&#8220;1&#8243; background_hover_color_opacity=&#8220;1&#8243; column_backdrop_filter=&#8220;none&#8220; column_shadow=&#8220;none&#8220; column_border_radius=&#8220;none&#8220; column_link_target=&#8220;_self&#8220; column_position=&#8220;default&#8220; advanced_gradient_angle=&#8220;0&#8243; gradient_direction=&#8220;left_to_right&#8220; overlay_strength=&#8220;0.3&#8243; width=&#8220;1\/2&#8243; tablet_width_inherit=&#8220;default&#8220; animation_type=&#8220;default&#8220; bg_image_animation=&#8220;none&#8220; border_type=&#8220;simple&#8220; column_border_width=&#8220;none&#8220; column_border_style=&#8220;solid&#8220; column_padding_type=&#8220;advanced&#8220; gradient_type=&#8220;default&#8220;][vc_column_text]<strong>FAQ Allgemeines<\/strong><\/p>\n<p>Wenn Sie eine Frage haben, die nachstehend nicht erw\u00e4hnt wird, z\u00f6gern Sie nicht, unser Kontaktformular auszuf\u00fcllen, um eine schnelle und detaillierte Antwort zu erhalten[\/vc_column_text][toggles style=&#8220;minimal_shadow&#8220; accordion=&#8220;true&#8220; accordion_starting_functionality=&#8220;closed&#8220; border_radius=&#8220;none&#8220;][toggle color=&#8220;Accent-Color&#8220; heading_tag=&#8220;h3&#8243; heading_tag_functionality=&#8220;default&#8220; title=&#8220;Warum CsureMar?&#8220;][vc_column_text]Wir bieten Ihnen einen pers\u00f6nlichen und professionellen Ansatz f\u00fcr jeden Aspekt unserer Dienstleistungen.[\/vc_column_text][\/toggle][toggle color=&#8220;Accent-Color&#8220; heading_tag=&#8220;h3&#8243; heading_tag_functionality=&#8220;default&#8220; title=&#8220;Wie werde ich H\u00e4ndler f\u00fcr Bilgeaway?&#8220;][vc_column_text]Kontaktieren Sie CsureMar \u00fcber die folgende E-Mail-Adresse <a href=\"mailto:dealers@csuremar.com\">dealers@csuremar.com<\/a> oder f\u00fcllen Sie das Kontaktformular aus[\/vc_column_text][\/toggle][toggle color=&#8220;Accent-Color&#8220; heading_tag=&#8220;h3&#8243; heading_tag_functionality=&#8220;default&#8220; title=&#8220;Bilgeaway-Garantien&#8230;&#8220;][vc_column_text]F\u00fcr den unwahrscheinlichen Fall, dass Sie mit einem unserer Bilgeaway-Produkte nicht zufrieden sind, erhalten Sie m\u00f6glicherweise vorbehaltlich der Genehmigung von Csuremar eine Geld-zur\u00fcck-Garantie bis zu 30 Tage nach dem Kauf.[\/vc_column_text][\/toggle][toggle color=&#8220;Accent-Color&#8220; heading_tag=&#8220;h3&#8243; heading_tag_functionality=&#8220;default&#8220; title=&#8220;Wo befindet sich CsureMar?&#8220;][vc_column_text]Santa Ponsa, Palma de Mallorca[\/vc_column_text][\/toggle][\/toggles][\/vc_column][vc_column right_padding_desktop=&#8220;2vw&#8220; top_margin_tablet=&#8220;10%&#8220; column_element_direction_desktop=&#8220;default&#8220; column_element_spacing=&#8220;default&#8220; desktop_text_alignment=&#8220;default&#8220; tablet_text_alignment=&#8220;default&#8220; phone_text_alignment=&#8220;default&#8220; background_color_opacity=&#8220;1&#8243; background_hover_color_opacity=&#8220;1&#8243; background_image=&#8220;294&#8243; background_image_position=&#8220;center center&#8220; background_image_stacking=&#8220;default&#8220; background_image_loading=&#8220;default&#8220; column_backdrop_filter=&#8220;none&#8220; column_shadow=&#8220;none&#8220; column_border_radius=&#8220;none&#8220; column_link_target=&#8220;_self&#8220; column_position=&#8220;default&#8220; advanced_gradient_angle=&#8220;0&#8243; gradient_direction=&#8220;left_to_right&#8220; overlay_strength=&#8220;0.3&#8243; width=&#8220;1\/2&#8243; tablet_width_inherit=&#8220;default&#8220; animation_type=&#8220;default&#8220; bg_image_animation=&#8220;none&#8220; border_type=&#8220;simple&#8220; column_border_width=&#8220;none&#8220; column_border_style=&#8220;solid&#8220; column_padding_type=&#8220;advanced&#8220; gradient_type=&#8220;default&#8220;][vc_row_inner column_margin=&#8220;default&#8220; column_direction=&#8220;default&#8220; column_direction_tablet=&#8220;default&#8220; column_direction_phone=&#8220;default&#8220; text_align=&#8220;left&#8220; row_position=&#8220;default&#8220; row_position_tablet=&#8220;inherit&#8220; row_position_phone=&#8220;inherit&#8220; overflow=&#8220;visible&#8220; pointer_events=&#8220;all&#8220;][vc_column_inner column_padding=&#8220;no-extra-padding&#8220; column_padding_tablet=&#8220;inherit&#8220; column_padding_phone=&#8220;inherit&#8220; column_padding_position=&#8220;all&#8220; column_element_direction_desktop=&#8220;default&#8220; column_element_spacing=&#8220;default&#8220; centered_text=&#8220;true&#8220; desktop_text_alignment=&#8220;default&#8220; tablet_text_alignment=&#8220;default&#8220; phone_text_alignment=&#8220;default&#8220; background_color_opacity=&#8220;1&#8243; background_hover_color_opacity=&#8220;1&#8243; background_image=&#8220;6198&#8243; background_image_position=&#8220;center center&#8220; background_image_stacking=&#8220;default&#8220; background_image_loading=&#8220;default&#8220; column_backdrop_filter=&#8220;none&#8220; column_shadow=&#8220;none&#8220; column_border_radius=&#8220;15px&#8220; column_link_target=&#8220;_self&#8220; overflow=&#8220;hidden&#8220; advanced_gradient_radial_position=&#8220;top right&#8220; width=&#8220;1\/1&#8243; tablet_width_inherit=&#8220;default&#8220; animation_type=&#8220;default&#8220; bg_image_animation=&#8220;none&#8220; border_type=&#8220;simple&#8220; column_border_width=&#8220;none&#8220; column_border_style=&#8220;solid&#8220; column_padding_type=&#8220;default&#8220; gradient_type=&#8220;advanced&#8220; advanced_gradient_display_type=&#8220;radial&#8220;][divider line_type=&#8220;No Line&#8220; custom_height=&#8220;600&#8243;][\/vc_column_inner][\/vc_row_inner][\/vc_column][\/vc_row][vc_row type=&#8220;full_width_content&#8220; full_screen_row_position=&#8220;middle&#8220; column_margin=&#8220;custom&#8220; column_margin_custom=&#8220;7vw&#8220; equal_height=&#8220;yes&#8220; content_placement=&#8220;middle&#8220; column_direction=&#8220;default&#8220; column_direction_tablet=&#8220;default&#8220; column_direction_phone=&#8220;default&#8220; bg_color=&#8220;#f8f8f8&#8243; scene_position=&#8220;center&#8220; top_padding=&#8220;4%&#8220; bottom_padding=&#8220;4%&#8220; left_padding_desktop=&#8220;7vw&#8220; constrain_group_2=&#8220;yes&#8220; right_padding_desktop=&#8220;7vw&#8220; text_color=&#8220;dark&#8220; text_align=&#8220;left&#8220; row_border_radius=&#8220;none&#8220; row_border_radius_applies=&#8220;bg&#8220; overflow=&#8220;visible&#8220; advanced_gradient_angle=&#8220;0&#8243; overlay_strength=&#8220;0.8&#8243; gradient_direction=&#8220;left_to_right&#8220; shape_divider_color=&#8220;#000000&#8243; shape_divider_position=&#8220;bottom&#8220; shape_divider_height=&#8220;99%&#8220; bg_image_animation=&#8220;none&#8220; shape_type=&#8220;straight_section&#8220; gradient_type=&#8220;default&#8220;][vc_column right_padding_desktop=&#8220;2vw&#8220; top_margin_tablet=&#8220;10%&#8220; column_element_direction_desktop=&#8220;default&#8220; column_element_spacing=&#8220;default&#8220; desktop_text_alignment=&#8220;default&#8220; tablet_text_alignment=&#8220;default&#8220; phone_text_alignment=&#8220;default&#8220; background_color_opacity=&#8220;1&#8243; background_hover_color_opacity=&#8220;1&#8243; background_image=&#8220;248&#8243; background_image_position=&#8220;center center&#8220; background_image_stacking=&#8220;default&#8220; background_image_loading=&#8220;default&#8220; column_backdrop_filter=&#8220;none&#8220; column_shadow=&#8220;none&#8220; column_border_radius=&#8220;none&#8220; column_link_target=&#8220;_self&#8220; column_position=&#8220;default&#8220; advanced_gradient_angle=&#8220;0&#8243; gradient_direction=&#8220;left_to_right&#8220; overlay_strength=&#8220;0.3&#8243; width=&#8220;1\/2&#8243; tablet_width_inherit=&#8220;default&#8220; animation_type=&#8220;default&#8220; bg_image_animation=&#8220;none&#8220; border_type=&#8220;simple&#8220; column_border_width=&#8220;none&#8220; column_border_style=&#8220;solid&#8220; column_padding_type=&#8220;advanced&#8220; gradient_type=&#8220;default&#8220;][vc_row_inner column_margin=&#8220;default&#8220; column_direction=&#8220;default&#8220; column_direction_tablet=&#8220;default&#8220; column_direction_phone=&#8220;default&#8220; text_align=&#8220;left&#8220; row_position=&#8220;default&#8220; row_position_tablet=&#8220;inherit&#8220; row_position_phone=&#8220;inherit&#8220; overflow=&#8220;visible&#8220; pointer_events=&#8220;all&#8220;][vc_column_inner column_padding=&#8220;no-extra-padding&#8220; column_padding_tablet=&#8220;inherit&#8220; column_padding_phone=&#8220;inherit&#8220; column_padding_position=&#8220;all&#8220; column_element_direction_desktop=&#8220;default&#8220; column_element_spacing=&#8220;default&#8220; centered_text=&#8220;true&#8220; desktop_text_alignment=&#8220;default&#8220; tablet_text_alignment=&#8220;default&#8220; phone_text_alignment=&#8220;default&#8220; background_color_opacity=&#8220;1&#8243; background_hover_color_opacity=&#8220;1&#8243; background_image=&#8220;6198&#8243; background_image_position=&#8220;center center&#8220; background_image_stacking=&#8220;default&#8220; background_image_loading=&#8220;default&#8220; column_backdrop_filter=&#8220;none&#8220; column_shadow=&#8220;none&#8220; column_border_radius=&#8220;15px&#8220; column_link_target=&#8220;_self&#8220; overflow=&#8220;hidden&#8220; advanced_gradient_radial_position=&#8220;top right&#8220; width=&#8220;1\/1&#8243; tablet_width_inherit=&#8220;default&#8220; animation_type=&#8220;default&#8220; bg_image_animation=&#8220;none&#8220; border_type=&#8220;simple&#8220; column_border_width=&#8220;none&#8220; column_border_style=&#8220;solid&#8220; column_padding_type=&#8220;default&#8220; gradient_type=&#8220;advanced&#8220; advanced_gradient_display_type=&#8220;radial&#8220;][divider line_type=&#8220;No Line&#8220; custom_height=&#8220;600&#8243;][\/vc_column_inner][\/vc_row_inner][\/vc_column][vc_column left_padding_desktop=&#8220;2vw&#8220; column_element_direction_desktop=&#8220;default&#8220; column_element_spacing=&#8220;default&#8220; desktop_text_alignment=&#8220;default&#8220; tablet_text_alignment=&#8220;default&#8220; phone_text_alignment=&#8220;default&#8220; background_color_opacity=&#8220;1&#8243; background_hover_color_opacity=&#8220;1&#8243; column_backdrop_filter=&#8220;none&#8220; column_shadow=&#8220;none&#8220; column_border_radius=&#8220;none&#8220; column_link_target=&#8220;_self&#8220; column_position=&#8220;default&#8220; advanced_gradient_angle=&#8220;0&#8243; gradient_direction=&#8220;left_to_right&#8220; overlay_strength=&#8220;0.3&#8243; width=&#8220;1\/2&#8243; tablet_width_inherit=&#8220;default&#8220; animation_type=&#8220;default&#8220; bg_image_animation=&#8220;none&#8220; border_type=&#8220;simple&#8220; column_border_width=&#8220;none&#8220; column_border_style=&#8220;solid&#8220; column_padding_type=&#8220;advanced&#8220; gradient_type=&#8220;default&#8220;][vc_column_text]<strong>FAQ\u00b4s Bilgeaway<\/strong>[\/vc_column_text][toggles style=&#8220;minimal_shadow&#8220; accordion=&#8220;true&#8220; accordion_starting_functionality=&#8220;closed&#8220; border_radius=&#8220;none&#8220;][toggle color=&#8220;Accent-Color&#8220; heading_tag=&#8220;h3&#8243; heading_tag_functionality=&#8220;default&#8220; title=&#8220;Wie funktioniert\u00b4s?&#8220;][vc_column_text]Bilgeaway bindet Verunreinigungen in seinem einzigartigen Filtermaterial und macht sie unsch\u00e4dlich[\/vc_column_text][\/toggle][toggle color=&#8220;Accent-Color&#8220; heading_tag=&#8220;h3&#8243; heading_tag_functionality=&#8220;default&#8220; title=&#8220;Wie baue ich ihn ein?&#8220;][vc_column_text]Der Einbau ist einfach \u2013 verbinden Sie ihn einfach zwischen der Bilgenpumpe und dem Rumpfauslass \u2013 Installationsanleitung in Ihrer Bilgeaway-Box[\/vc_column_text][\/toggle][toggle color=&#8220;Accent-Color&#8220; heading_tag=&#8220;h3&#8243; heading_tag_functionality=&#8220;default&#8220; title=&#8220;Wie lange wird mein Bilgeaway-Filter halten?&#8220;][vc_column_text]Abh\u00e4ngig von der Verwendung sollte Ihre Patrone ein Jahr halten, f\u00fcr gr\u00f6\u00dfere \u00d6lverschmutzungen empfehlen wir ein soak\u00b4it up Kissen, bevor Sie die Bilgenpumpe verwenden.[\/vc_column_text][\/toggle][toggle color=&#8220;Accent-Color&#8220; heading_tag=&#8220;h3&#8243; heading_tag_functionality=&#8220;default&#8220; title=&#8220;Wie entsorge ich eine gebrauchte Patrone?&#8220;][vc_column_text]Der Inhalt der Patrone kann kompostiert werden, nachdem sie verwendet wurde, um f\u00fcr umweltfreundliche Sicherheit zu sorgen.[\/vc_column_text][\/toggle][toggle color=&#8220;Accent-Color&#8220; heading_tag=&#8220;h3&#8243; heading_tag_functionality=&#8220;default&#8220; title=&#8220;Wo bekomme ich Ersatzpatronen?&#8220;][vc_column_text]Patronen k\u00f6nnen direkt bei CsureMar oder bei Ihrem H\u00e4ndler vor Ort bestellt werden.[\/vc_column_text][\/toggle][toggle color=&#8220;Accent-Color&#8220; heading_tag=&#8220;h3&#8243; heading_tag_functionality=&#8220;default&#8220; title=&#8220;Wie viel \u00d6l wird ein Bilgeaway-Filter aufnehmen?&#8220;][vc_column_text]Eine Patrone fasst 0,5 Liter, bevor sie ausgetauscht werden muss.[\/vc_column_text][\/toggle][toggle color=&#8220;Accent-Color&#8220; heading_tag=&#8220;h3&#8243; heading_tag_functionality=&#8220;default&#8220; title=&#8220;Schwimmt ein Soak\u00b4it up Kissen?&#8220;][vc_column_text]Ja, Kissen und Ausleger schwimmen, da sie nur \u00d6l und Kraftstoff absorbieren. Ihr Fassungsverm\u00f6gen betr\u00e4gt 2,5 Liter Verunreinigungen[\/vc_column_text][\/toggle][toggle color=&#8220;Accent-Color&#8220; heading_tag=&#8220;h3&#8243; heading_tag_functionality=&#8220;default&#8220; title=&#8220;Kann man mehrere soak`it up-Ausleger miteinander kombinieren?&#8220;][vc_column_text]Ja, die Ausleger sind in 2 Meter L\u00e4nge erh\u00e4ltlich und haben \u00d6sen, so dass sie verbunden werden k\u00f6nnen, um jede gew\u00fcnschte L\u00e4nge zu erzielen.[\/vc_column_text][\/toggle][\/toggles][\/vc_column][\/vc_row][vc_row type=&#8220;full_width_content&#8220; full_screen_row_position=&#8220;middle&#8220; column_margin=&#8220;custom&#8220; column_margin_custom=&#8220;7vw&#8220; equal_height=&#8220;yes&#8220; content_placement=&#8220;middle&#8220; column_direction=&#8220;default&#8220; column_direction_tablet=&#8220;default&#8220; column_direction_phone=&#8220;default&#8220; bg_color=&#8220;#f8f8f8&#8243; scene_position=&#8220;center&#8220; top_padding=&#8220;4%&#8220; bottom_padding=&#8220;4%&#8220; left_padding_desktop=&#8220;7vw&#8220; constrain_group_2=&#8220;yes&#8220; right_padding_desktop=&#8220;7vw&#8220; text_color=&#8220;dark&#8220; text_align=&#8220;left&#8220; row_border_radius=&#8220;none&#8220; row_border_radius_applies=&#8220;bg&#8220; overflow=&#8220;visible&#8220; advanced_gradient_angle=&#8220;0&#8243; overlay_strength=&#8220;0.8&#8243; gradient_direction=&#8220;left_to_right&#8220; shape_divider_color=&#8220;#000000&#8243; shape_divider_position=&#8220;bottom&#8220; shape_divider_height=&#8220;99%&#8220; bg_image_animation=&#8220;none&#8220; shape_type=&#8220;straight_section&#8220; gradient_type=&#8220;default&#8220;][vc_column left_padding_desktop=&#8220;2vw&#8220; column_element_direction_desktop=&#8220;default&#8220; column_element_spacing=&#8220;default&#8220; desktop_text_alignment=&#8220;default&#8220; tablet_text_alignment=&#8220;default&#8220; phone_text_alignment=&#8220;default&#8220; background_color_opacity=&#8220;1&#8243; background_hover_color_opacity=&#8220;1&#8243; column_backdrop_filter=&#8220;none&#8220; column_shadow=&#8220;none&#8220; column_border_radius=&#8220;none&#8220; column_link_target=&#8220;_self&#8220; column_position=&#8220;default&#8220; advanced_gradient_angle=&#8220;0&#8243; gradient_direction=&#8220;left_to_right&#8220; overlay_strength=&#8220;0.3&#8243; width=&#8220;1\/2&#8243; tablet_width_inherit=&#8220;default&#8220; animation_type=&#8220;default&#8220; bg_image_animation=&#8220;none&#8220; border_type=&#8220;simple&#8220; column_border_width=&#8220;none&#8220; column_border_style=&#8220;solid&#8220; column_padding_type=&#8220;advanced&#8220; gradient_type=&#8220;default&#8220;][vc_column_text]<strong>FAQ Jagddrohnen<\/strong>[\/vc_column_text][toggles style=&#8220;minimal_shadow&#8220; accordion=&#8220;true&#8220; accordion_starting_functionality=&#8220;closed&#8220; border_radius=&#8220;none&#8220;][toggle color=&#8220;Accent-Color&#8220; heading_tag=&#8220;h3&#8243; heading_tag_functionality=&#8220;default&#8220; title=&#8220;Kann ich eine Drohne bei CsureMar kaufen ODER mieten&#8220;][vc_column_text]Ja, Sie k\u00f6nnen bei CsureMar kaufen ODER mieten, indem Sie das Kontaktformular mit Ihren Anforderungen und Ihrem Modell verwenden.[\/vc_column_text][\/toggle][toggle color=&#8220;Accent-Color&#8220; heading_tag=&#8220;h3&#8243; heading_tag_functionality=&#8220;default&#8220; title=&#8220;Ben\u00f6tige ich eine Lizenz, um eine Unterwasser-Drohne zu betreiben?&#8220;][vc_column_text]Nein, Sie brauchen keine Lizenz, um eine Unterwasser-Drohne zu betreiben.[\/vc_column_text][\/toggle][toggle color=&#8220;Accent-Color&#8220; heading_tag=&#8220;h3&#8243; heading_tag_functionality=&#8220;default&#8220; title=&#8220;Wie tief wird eine Drohne gehen?&#8220;][vc_column_text]Die Tiefen variieren je nach Modell[\/vc_column_text][\/toggle][toggle color=&#8220;Accent-Color&#8220; heading_tag=&#8220;h3&#8243; heading_tag_functionality=&#8220;default&#8220; title=&#8220;Welche Garantie habe ich f\u00fcr meine Drohne?&#8220;][vc_column_text]Drohnenteile haben eine Garantie von bis zu 24 Monaten, abh\u00e4ngig von der Teilegarantie ab dem Kaufdatum durch den Endbenutzer. F\u00fcr weitere Informationen zu bestimmten Teilen und der Garantie wenden Sie sich direkt an CsureMar[\/vc_column_text][\/toggle][toggle color=&#8220;Accent-Color&#8220; heading_tag=&#8220;h3&#8243; heading_tag_functionality=&#8220;default&#8220; title=&#8220;Wof\u00fcr kann ich eine Unterwasser-Drohne verwenden?&#8220;][vc_column_text]Unterwasser-Drohnen k\u00f6nnen f\u00fcr verschiedene Aufgaben verwendet werden, einschlie\u00dflich Rumpfinspektionen, Umweltpr\u00fcfungen, Wassertank- und Schwimmbadkontrollen und viele andere.[\/vc_column_text][\/toggle][\/toggles][\/vc_column][vc_column right_padding_desktop=&#8220;2vw&#8220; top_margin_tablet=&#8220;10%&#8220; column_element_direction_desktop=&#8220;default&#8220; column_element_spacing=&#8220;default&#8220; desktop_text_alignment=&#8220;default&#8220; tablet_text_alignment=&#8220;default&#8220; phone_text_alignment=&#8220;default&#8220; background_color_opacity=&#8220;1&#8243; background_hover_color_opacity=&#8220;1&#8243; background_image=&#8220;242&#8243; background_image_position=&#8220;center center&#8220; background_image_stacking=&#8220;default&#8220; background_image_loading=&#8220;default&#8220; column_backdrop_filter=&#8220;none&#8220; column_shadow=&#8220;none&#8220; column_border_radius=&#8220;none&#8220; column_link_target=&#8220;_self&#8220; column_position=&#8220;default&#8220; advanced_gradient_angle=&#8220;0&#8243; gradient_direction=&#8220;left_to_right&#8220; overlay_strength=&#8220;0.3&#8243; width=&#8220;1\/2&#8243; tablet_width_inherit=&#8220;default&#8220; animation_type=&#8220;default&#8220; bg_image_animation=&#8220;none&#8220; border_type=&#8220;simple&#8220; column_border_width=&#8220;none&#8220; column_border_style=&#8220;solid&#8220; column_padding_type=&#8220;advanced&#8220; gradient_type=&#8220;default&#8220;][vc_row_inner column_margin=&#8220;default&#8220; column_direction=&#8220;default&#8220; column_direction_tablet=&#8220;default&#8220; column_direction_phone=&#8220;default&#8220; text_align=&#8220;left&#8220; row_position=&#8220;default&#8220; row_position_tablet=&#8220;inherit&#8220; row_position_phone=&#8220;inherit&#8220; overflow=&#8220;visible&#8220; pointer_events=&#8220;all&#8220;][vc_column_inner column_padding=&#8220;no-extra-padding&#8220; column_padding_tablet=&#8220;inherit&#8220; column_padding_phone=&#8220;inherit&#8220; column_padding_position=&#8220;all&#8220; column_element_direction_desktop=&#8220;default&#8220; column_element_spacing=&#8220;default&#8220; centered_text=&#8220;true&#8220; desktop_text_alignment=&#8220;default&#8220; tablet_text_alignment=&#8220;default&#8220; phone_text_alignment=&#8220;default&#8220; background_color_opacity=&#8220;1&#8243; background_hover_color_opacity=&#8220;1&#8243; background_image=&#8220;6198&#8243; background_image_position=&#8220;center center&#8220; background_image_stacking=&#8220;default&#8220; background_image_loading=&#8220;default&#8220; column_backdrop_filter=&#8220;none&#8220; column_shadow=&#8220;none&#8220; column_border_radius=&#8220;15px&#8220; column_link_target=&#8220;_self&#8220; overflow=&#8220;hidden&#8220; advanced_gradient_radial_position=&#8220;top right&#8220; width=&#8220;1\/1&#8243; tablet_width_inherit=&#8220;default&#8220; animation_type=&#8220;default&#8220; bg_image_animation=&#8220;none&#8220; border_type=&#8220;simple&#8220; column_border_width=&#8220;none&#8220; column_border_style=&#8220;solid&#8220; column_padding_type=&#8220;default&#8220; gradient_type=&#8220;advanced&#8220; advanced_gradient_display_type=&#8220;radial&#8220;][divider line_type=&#8220;No Line&#8220; custom_height=&#8220;600&#8243;][\/vc_column_inner][\/vc_row_inner][\/vc_column][\/vc_row]\n","protected":false},"excerpt":{"rendered":"<p>[vc_row type=&#8220;full_width_content&#8220; full_screen_row_position=&#8220;middle&#8220; column_margin=&#8220;custom&#8220; column_margin_custom=&#8220;7vw&#8220; equal_height=&#8220;yes&#8220; content_placement=&#8220;middle&#8220; column_direction=&#8220;default&#8220; column_direction_tablet=&#8220;default&#8220; column_direction_phone=&#8220;default&#8220; bg_color=&#8220;#f8f8f8&#8243; scene_position=&#8220;center&#8220; top_padding=&#8220;4%&#8220; bottom_padding=&#8220;4%&#8220; left_padding_desktop=&#8220;7vw&#8220; constrain_group_2=&#8220;yes&#8220; right_padding_desktop=&#8220;7vw&#8220; text_color=&#8220;dark&#8220; text_align=&#8220;left&#8220; row_border_radius=&#8220;none&#8220; row_border_radius_applies=&#8220;bg&#8220; overflow=&#8220;visible&#8220; advanced_gradient_angle=&#8220;0&#8243; overlay_strength=&#8220;0.8&#8243; gradient_direction=&#8220;left_to_right&#8220; shape_divider_color=&#8220;#000000&#8243; shape_divider_position=&#8220;bottom&#8220; shape_divider_height=&#8220;99%&#8220; bg_image_animation=&#8220;none&#8220; shape_type=&#8220;straight_section&#8220;&#8230;<\/p>\n","protected":false},"author":2,"featured_media":0,"parent":0,"menu_order":0,"comment_status":"closed","ping_status":"closed","template":"","meta":{"footnotes":""},"class_list":["post-483","page","type-page","status-publish"],"_links":{"self":[{"href":"https:\/\/csuremar.com\/de\/wp-json\/wp\/v2\/pages\/483","targetHints":{"allow":["GET"]}}],"collection":[{"href":"https:\/\/csuremar.com\/de\/wp-json\/wp\/v2\/pages"}],"about":[{"href":"https:\/\/csuremar.com\/de\/wp-json\/wp\/v2\/types\/page"}],"author":[{"embeddable":true,"href":"https:\/\/csuremar.com\/de\/wp-json\/wp\/v2\/users\/2"}],"replies":[{"embeddable":true,"href":"https:\/\/csuremar.com\/de\/wp-json\/wp\/v2\/comments?post=483"}],"version-history":[{"count":2,"href":"https:\/\/csuremar.com\/de\/wp-json\/wp\/v2\/pages\/483\/revisions"}],"predecessor-version":[{"id":526,"href":"https:\/\/csuremar.com\/de\/wp-json\/wp\/v2\/pages\/483\/revisions\/526"}],"wp:attachment":[{"href":"https:\/\/csuremar.com\/de\/wp-json\/wp\/v2\/media?parent=483"}],"curies":[{"name":"wp","href":"https:\/\/api.w.org\/{rel}","templated":true}]}}